{"id":8,"date":"2026-04-08T05:18:46","date_gmt":"2026-04-08T04:18:46","guid":{"rendered":"https:\/\/www.puredayscomfort.com\/fr\/?page_id=8"},"modified":"2026-04-17T20:52:51","modified_gmt":"2026-04-17T12:52:51","slug":"homepage-fr","status":"publish","type":"page","link":"https:\/\/www.puredayscomfort.com\/fr\/","title":{"rendered":"Homepage FR"},"content":{"rendered":"","protected":false},"excerpt":{"rendered":"","protected":false},"author":1,"featured_media":0,"parent":0,"menu_order":0,"comment_status":"closed","ping_status":"closed","template":"template-homepage-fr.php","meta":{"footnotes":""},"class_list":["post-8","page","type-page","status-publish","hentry"],"yoast_head":"<!-- This site is optimized with the Yoast SEO plugin v27.4 - https:\/\/yoast.com\/product\/yoast-seo-wordpress\/ -->\n<title>PureDays - Protection et Comfort<\/title>\n<meta name=\"description\" content=\"Restez confortable et confiante chaque jour de vos r\u00e8gles avec les serviettes hygi\u00e9niques PureDays \u2014 ultra-absorbantes, douces et con\u00e7ues pour les flux l\u00e9gers \u00e0 abondants.\" \/>\n<meta name=\"robots\" content=\"index, follow, max-snippet:-1, max-image-preview:large, max-video-preview:-1\" \/>\n<link rel=\"canonical\" href=\"https:\/\/www.puredayscomfort.com\/fr\/\" \/>\n<meta property=\"og:locale\" content=\"en_GB\" \/>\n<meta property=\"og:type\" content=\"article\" \/>\n<meta property=\"og:title\" content=\"PureDays - Protection et Comfort\" \/>\n<meta property=\"og:description\" content=\"Restez confortable et confiante chaque jour de vos r\u00e8gles avec les serviettes hygi\u00e9niques PureDays \u2014 ultra-absorbantes, douces et con\u00e7ues pour les flux l\u00e9gers \u00e0 abondants.\" \/>\n<meta property=\"og:url\" content=\"https:\/\/www.puredayscomfort.com\/fr\/\" \/>\n<meta property=\"og:site_name\" content=\"PureDays FR\" \/>\n<meta property=\"article:modified_time\" content=\"2026-04-17T12:52:51+00:00\" \/>\n<meta name=\"twitter:card\" content=\"summary_large_image\" \/>\n<script type=\"application\/ld+json\" class=\"yoast-schema-graph\">{\"@context\":\"https:\\\/\\\/schema.org\",\"@graph\":[{\"@type\":\"WebPage\",\"@id\":\"https:\\\/\\\/www.puredayscomfort.com\\\/fr\\\/\",\"url\":\"https:\\\/\\\/www.puredayscomfort.com\\\/fr\\\/\",\"name\":\"PureDays - Protection et Comfort\",\"isPartOf\":{\"@id\":\"https:\\\/\\\/www.puredayscomfort.com\\\/fr\\\/#website\"},\"datePublished\":\"2026-04-08T04:18:46+00:00\",\"dateModified\":\"2026-04-17T12:52:51+00:00\",\"description\":\"Restez confortable et confiante chaque jour de vos r\u00e8gles avec les serviettes hygi\u00e9niques PureDays \u2014 ultra-absorbantes, douces et con\u00e7ues pour les flux l\u00e9gers \u00e0 abondants.\",\"breadcrumb\":{\"@id\":\"https:\\\/\\\/www.puredayscomfort.com\\\/fr\\\/#breadcrumb\"},\"inLanguage\":\"en-GB\",\"potentialAction\":[{\"@type\":\"ReadAction\",\"target\":[\"https:\\\/\\\/www.puredayscomfort.com\\\/fr\\\/\"]}]},{\"@type\":\"BreadcrumbList\",\"@id\":\"https:\\\/\\\/www.puredayscomfort.com\\\/fr\\\/#breadcrumb\",\"itemListElement\":[{\"@type\":\"ListItem\",\"position\":1,\"name\":\"Home\",\"item\":\"https:\\\/\\\/www.puredayscomfort.com\\\/fr\\\/\"},{\"@type\":\"ListItem\",\"position\":2,\"name\":\"Homepage FR\"}]},{\"@type\":\"WebSite\",\"@id\":\"https:\\\/\\\/www.puredayscomfort.com\\\/fr\\\/#website\",\"url\":\"https:\\\/\\\/www.puredayscomfort.com\\\/fr\\\/\",\"name\":\"PureDays FR\",\"description\":\"Protection &amp; Comfort\",\"potentialAction\":[{\"@type\":\"SearchAction\",\"target\":{\"@type\":\"EntryPoint\",\"urlTemplate\":\"https:\\\/\\\/www.puredayscomfort.com\\\/fr\\\/?s={search_term_string}\"},\"query-input\":{\"@type\":\"PropertyValueSpecification\",\"valueRequired\":true,\"valueName\":\"search_term_string\"}}],\"inLanguage\":\"en-GB\"}]}<\/script>\n<!-- \/ Yoast SEO plugin. -->","yoast_head_json":{"title":"PureDays - Protection et Comfort","description":"Restez confortable et confiante chaque jour de vos r\u00e8gles avec les serviettes hygi\u00e9niques PureDays \u2014 ultra-absorbantes, douces et con\u00e7ues pour les flux l\u00e9gers \u00e0 abondants.","robots":{"index":"index","follow":"follow","max-snippet":"max-snippet:-1","max-image-preview":"max-image-preview:large","max-video-preview":"max-video-preview:-1"},"canonical":"https:\/\/www.puredayscomfort.com\/fr\/","og_locale":"en_GB","og_type":"article","og_title":"PureDays - Protection et Comfort","og_description":"Restez confortable et confiante chaque jour de vos r\u00e8gles avec les serviettes hygi\u00e9niques PureDays \u2014 ultra-absorbantes, douces et con\u00e7ues pour les flux l\u00e9gers \u00e0 abondants.","og_url":"https:\/\/www.puredayscomfort.com\/fr\/","og_site_name":"PureDays FR","article_modified_time":"2026-04-17T12:52:51+00:00","twitter_card":"summary_large_image","schema":{"@context":"https:\/\/schema.org","@graph":[{"@type":"WebPage","@id":"https:\/\/www.puredayscomfort.com\/fr\/","url":"https:\/\/www.puredayscomfort.com\/fr\/","name":"PureDays - Protection et Comfort","isPartOf":{"@id":"https:\/\/www.puredayscomfort.com\/fr\/#website"},"datePublished":"2026-04-08T04:18:46+00:00","dateModified":"2026-04-17T12:52:51+00:00","description":"Restez confortable et confiante chaque jour de vos r\u00e8gles avec les serviettes hygi\u00e9niques PureDays \u2014 ultra-absorbantes, douces et con\u00e7ues pour les flux l\u00e9gers \u00e0 abondants.","breadcrumb":{"@id":"https:\/\/www.puredayscomfort.com\/fr\/#breadcrumb"},"inLanguage":"en-GB","potentialAction":[{"@type":"ReadAction","target":["https:\/\/www.puredayscomfort.com\/fr\/"]}]},{"@type":"BreadcrumbList","@id":"https:\/\/www.puredayscomfort.com\/fr\/#breadcrumb","itemListElement":[{"@type":"ListItem","position":1,"name":"Home","item":"https:\/\/www.puredayscomfort.com\/fr\/"},{"@type":"ListItem","position":2,"name":"Homepage FR"}]},{"@type":"WebSite","@id":"https:\/\/www.puredayscomfort.com\/fr\/#website","url":"https:\/\/www.puredayscomfort.com\/fr\/","name":"PureDays FR","description":"Protection &amp; Comfort","potentialAction":[{"@type":"SearchAction","target":{"@type":"EntryPoint","urlTemplate":"https:\/\/www.puredayscomfort.com\/fr\/?s={search_term_string}"},"query-input":{"@type":"PropertyValueSpecification","valueRequired":true,"valueName":"search_term_string"}}],"inLanguage":"en-GB"}]}},"_links":{"self":[{"href":"https:\/\/www.puredayscomfort.com\/fr\/wp-json\/wp\/v2\/pages\/8","targetHints":{"allow":["GET"]}}],"collection":[{"href":"https:\/\/www.puredayscomfort.com\/fr\/wp-json\/wp\/v2\/pages"}],"about":[{"href":"https:\/\/www.puredayscomfort.com\/fr\/wp-json\/wp\/v2\/types\/page"}],"author":[{"embeddable":true,"href":"https:\/\/www.puredayscomfort.com\/fr\/wp-json\/wp\/v2\/users\/1"}],"replies":[{"embeddable":true,"href":"https:\/\/www.puredayscomfort.com\/fr\/wp-json\/wp\/v2\/comments?post=8"}],"version-history":[{"count":1,"href":"https:\/\/www.puredayscomfort.com\/fr\/wp-json\/wp\/v2\/pages\/8\/revisions"}],"predecessor-version":[{"id":9,"href":"https:\/\/www.puredayscomfort.com\/fr\/wp-json\/wp\/v2\/pages\/8\/revisions\/9"}],"wp:attachment":[{"href":"https:\/\/www.puredayscomfort.com\/fr\/wp-json\/wp\/v2\/media?parent=8"}],"curies":[{"name":"wp","href":"https:\/\/api.w.org\/{rel}","templated":true}]}}