{"id":10,"date":"2026-04-08T05:22:59","date_gmt":"2026-04-08T04:22:59","guid":{"rendered":"https:\/\/www.puredayscomfort.com\/fr\/?page_id=10"},"modified":"2026-04-17T20:57:05","modified_gmt":"2026-04-17T12:57:05","slug":"politique-de-confidentialite","status":"publish","type":"page","link":"https:\/\/www.puredayscomfort.com\/fr\/politique-de-confidentialite\/","title":{"rendered":"Politique de confidentialit\u00e9"},"content":{"rendered":"\n<h2 class=\"wp-block-heading\">Responsable du traitement<\/h2>\n\n\n\n<p>La soci\u00e9t\u00e9 Panamex pacific (Singapore) Pte Ltd (The Concourse 300 Beach Road, #29-01 Singapore 199555 \u2013 <a href=\"mailto:customer.service@panamex.biz\">customer.service@panamex.biz<\/a>)<\/p>\n\n\n\n<h2 class=\"wp-block-heading\">Base juridique du traitement<\/h2>\n\n\n\n<p>Nous collectons, stockons et utilisons vos donn\u00e9es :<\/p>\n\n\n\n<ul class=\"wp-block-list\">\n<li>aux fins du respect d\u2019une obligation l\u00e9gale \u00e0 laquelle nous sommes soumis en application de toute disposition du droit national ou europ\u00e9en et aux fins de l\u2019exercice de notre activit\u00e9 ;<\/li>\n\n\n\n<li>sur la base de votre consentement dans les cadre de la newsletter et l\u2019utilisation de cookies non essentiels (vous pouvez retirer votre consentement \u00e0 tout moment).;<\/li>\n\n\n\n<li>sur la base de notre int\u00e9r\u00eat l\u00e9gitime concernant les statistiques de fr\u00e9quentation du site ou pour r\u00e9pondre aux demandes formul\u00e9es via le formulaire de contact.<\/li>\n<\/ul>\n\n\n\n<h2 class=\"wp-block-heading\">Finalit\u00e9s<\/h2>\n\n\n\n<p>Le traitement des donn\u00e9es que nous effectuons est r\u00e9alis\u00e9e pour assurer le suivi et l\u2019ex\u00e9cution de la relation que nous avons avec vous. Nous appliquons dans tous les cas le principe de minimisation des donn\u00e9es (seules les donn\u00e9es ad\u00e9qu ates et essentielles \u00e0 ce suivi sont collect\u00e9es et trait\u00e9es) et le principe de finalit\u00e9 (les donn\u00e9es sont collect\u00e9es pour une finalit\u00e9 pr\u00e9cise dont nous partageons l\u2019objectif)<\/p>\n\n\n\n<p>Les donn\u00e9es collect\u00e9es sont trait\u00e9es pour les finalit\u00e9s suivantes :<\/p>\n\n\n\n<ul class=\"wp-block-list\">\n<li>Gestion des demandes de contact : r\u00e9pondre \u00e0 vos questions ou demandes transmises via le formulaire de contact.<\/li>\n\n\n\n<li>Envoi de la newsletter : vous transmettre des informations, actualit\u00e9s ou contenus relatifs \u00e0 nos activit\u00e9s, si vous vous \u00eates inscrit(e) \u00e0 la newsletter.<\/li>\n\n\n\n<li>Mesure d\u2019audience et am\u00e9lioration du site : via l\u2019utilisation de cookies analytiques.<\/li>\n<\/ul>\n\n\n\n<p>Le traitement ne pr\u00e9voit pas de prise de d\u00e9cision automatis\u00e9e.<\/p>\n\n\n\n<h2 class=\"wp-block-heading\">Les donn\u00e9es collect\u00e9es<\/h2>\n\n\n\n<p>Nous veillons \u00e0 ne recueillir que les donn\u00e9es strictement n\u00e9cessaires aux services que vous sollicitez et aux finalit\u00e9s correspondant au traitement concern\u00e9.<\/p>\n\n\n\n<p>Les donn\u00e9es sont directement collect\u00e9es aupr\u00e8s de la personne concern\u00e9e dans le cadre d\u2019un recueil de donn\u00e9es.<\/p>\n\n\n\n<p>En fonction des services demand\u00e9s, nous collecterons les donn\u00e9es personnelles suivantes :<\/p>\n\n\n\n<ul class=\"wp-block-list\">\n<li>Donn\u00e9es d\u2019identification ou de contact (notamment nom, pr\u00e9nom, nationalit\u00e9, adresse e-mail, adresse postale, et, le cas \u00e9ch\u00e9ant, num\u00e9ro de t\u00e9l\u00e9phone).<\/li>\n\n\n\n<li>Donn\u00e9es relatives \u00e0 la navigation sur le site web (horodatage, adresse IP des usagers, donn\u00e9es techniques relatives \u00e0 l\u2019\u00e9quipement et au navigateur utilis\u00e9s par les usagers, cookies et autres traceurs) ;<\/li>\n\n\n\n<li>Statistiques d\u2019audience du site web et de ses diff\u00e9rentes pages<\/li>\n<\/ul>\n\n\n\n<h2 class=\"wp-block-heading\">Qu\u2019est-ce qu\u2019un cookie ?<\/h2>\n\n\n\n<p>Un cookie est un fichier texte d\u00e9pos\u00e9 sur votre terminal (ordinateur, tablette, smartphone) lors de la visite d\u2019un site internet.<\/p>\n\n\n\n<p>Nous utilisons les types de cookies suivants :<\/p>\n\n\n\n<ul class=\"wp-block-list\">\n<li>Cookies n\u00e9cessaires : essentiels au fonctionnement du site.<\/li>\n\n\n\n<li>Cookies analytiques : utilis\u00e9s pour collecter des informations sur la mani\u00e8re dont les visiteurs utilisent le site (avec votre consentement).<\/li>\n<\/ul>\n\n\n\n<p>Lors de votre premi\u00e8re visite sur notre site, une banni\u00e8re vous informe de l\u2019utilisation des cookies. Vous pouvez \u00e0 tout moment configurer vos pr\u00e9f\u00e9rences en cliquant sur le bandeau.<\/p>\n\n\n\n<h2 class=\"wp-block-heading\">Destinataires des donn\u00e9es<\/h2>\n\n\n\n<p>Nous et nos prestataires et sous-traitants charg\u00e9 de l\u2019ex\u00e9cution de la finalit\u00e9 du traitement. Chaque sous-traitant est lui-m\u00eame soumis \u00e0 des obligations de s\u00e9curisation, de transparence, de documentation en application de la loi<\/p>\n\n\n\n<p>Les autorit\u00e9s administratives ou judiciaires qui en feraient la demande.<\/p>\n\n\n\n<h2 class=\"wp-block-heading\">Dur\u00e9e de conservation<\/h2>\n\n\n\n<p>Nous conservons les donn\u00e9es recueillies le temps strictement n\u00e9cessaire \u00e0 la finalit\u00e9 poursuivie par le traitement et dans les limites pr\u00e9vues par la l\u00e9gislation europ\u00e9enne et nationale si elle autorise une conservation plus longue \u00e0 savoir<\/p>\n\n\n\n<ul class=\"wp-block-list\">\n<li><strong>Donn\u00e9es de contact<\/strong> : jusqu\u2019\u00e0 3 ans apr\u00e8s votre dernier contact ou d\u00e9sinscription de la newsletter.<\/li>\n\n\n\n<li><strong>Cookies<\/strong> : 12 mois \u00e0 compter de leur implantation<\/li>\n<\/ul>\n\n\n\n<p>Les donn\u00e9es peuvent \u00eatre conserv\u00e9es plus longtemps pour respecter les dur\u00e9es de prescription impos\u00e9es par la l\u00e9gislation applicable (5 ans en France \u2013 notamment les \u00e9changes avec le service consommateur).<\/p>\n\n\n\n<h2 class=\"wp-block-heading\">S\u00e9curit\u00e9<\/h2>\n\n\n\n<p>Nous mettons en \u0153uvre des mesures de s\u00e9curit\u00e9 techniques et organisationnelles afin de prot\u00e9ger vos donn\u00e9es et de pr\u00e9venir toute destruction, perte, alt\u00e9ration ou modification, ainsi que tout acc\u00e8s ou divulgation non autoris\u00e9, de nature accidentelle ou ill\u00e9gale.<\/p>\n\n\n\n<p>Nous sommes attentif \u00e0 la s\u00e9curit\u00e9 de vos donn\u00e9es, et pour cela consacre des moyens humains et techniques significatifs pour en assurer la protection.<\/p>\n\n\n\n<p>Nous nous engageons \u00e0 prendre en compte la protection de vos donn\u00e9es d\u00e8s la conception de nouveaux produits, applications ou services.<\/p>\n\n\n\n<p>Nos processus, nos modes d\u2019organisation internes, les garanties que nous demandons \u00e0 nos sous-traitants comme les r\u00e8gles de protection techniques visent \u00e0 s\u2019assurer que vos donn\u00e9es personnelles sont prot\u00e9g\u00e9es.<\/p>\n\n\n\n<h2 class=\"wp-block-heading\">Exercer vos droits<\/h2>\n\n\n\n<p>Conform\u00e9ment \u00e0 la r\u00e9glementation, vous disposez des droits suivants :<\/p>\n\n\n\n<ul class=\"wp-block-list\">\n<li>Droit d\u2019acc\u00e8s : obtenir une copie des donn\u00e9es vous concernant.<\/li>\n\n\n\n<li>Droit de rectification : corriger des donn\u00e9es inexactes ou incompl\u00e8tes.<\/li>\n\n\n\n<li>Droit \u00e0 l\u2019effacement : demander la suppression de vos donn\u00e9es (dans les limites l\u00e9gales).<\/li>\n\n\n\n<li>Droit \u00e0 la limitation : limiter le traitement dans certaines circonstances.<\/li>\n\n\n\n<li>Droit d\u2019opposition : vous opposer \u00e0 l\u2019utilisation de vos donn\u00e9es \u00e0 certaines fins (ex. : newsletter).<\/li>\n\n\n\n<li>Droit \u00e0 la portabilit\u00e9 : recevoir vos donn\u00e9es dans un format structur\u00e9.<\/li>\n<\/ul>\n\n\n\n<p>Pour exercer vos droits, contactez-nous \u00e0 l\u2019adresse suivante : <a href=\"mailto:customer.service@panamex.biz\">customer.service@panamex.biz<\/a><\/p>\n\n\n\n<p>Une pi\u00e8ce d\u2019identit\u00e9 pourra vous \u00eatre demand\u00e9e pour v\u00e9rifier votre identit\u00e9.<\/p>\n\n\n\n<p>Vous disposez par ailleurs, du droit d\u2019introduire une r\u00e9clamation aupr\u00e8s de la Commission Nationale de l\u2019Informatique et des Libert\u00e9s (CNIL), notamment sur son site internet <a href=\"https:\/\/www.cnil.fr\" target=\"_blank\" rel=\"noreferrer noopener\">www.cnil.fr<\/a>.<\/p>\n\n\n\n<h2 class=\"wp-block-heading\">Transferts hors UE<\/h2>\n\n\n\n<p>Vos donn\u00e9es pourront \u00eatre trait\u00e9es en dehors de l\u2019Union europ\u00e9enne<\/p>\n\n\n\n<h2 class=\"wp-block-heading\">Modification de la politique de confidentialit\u00e9<\/h2>\n\n\n\n<p>Nous nous r\u00e9servons le droit de modifier la pr\u00e9sente politique \u00e0 tout moment pour refl\u00e9ter les \u00e9volutions l\u00e9gales ou techniques. La version la plus r\u00e9cente sera toujours disponible sur cette page.<\/p>\n\n\n\n<p>Version 1.0 \/ Date Janvier 2025<\/p>\n","protected":false},"excerpt":{"rendered":"<p>Responsable du traitement La soci\u00e9t\u00e9 Panamex pacific (Singapore) Pte Ltd (The Concourse 300 Beach Road, #29-01 Singapore 199555 \u2013 customer.service@panamex.biz) Base juridique du traitement Nous collectons, stockons et utilisons vos donn\u00e9es : Finalit\u00e9s Le traitement des donn\u00e9es que nous effectuons est r\u00e9alis\u00e9e pour assurer le suivi et l\u2019ex\u00e9cution de la relation que nous avons avec [&hellip;]<\/p>\n","protected":false},"author":1,"featured_media":0,"parent":0,"menu_order":0,"comment_status":"closed","ping_status":"closed","template":"","meta":{"footnotes":""},"class_list":["post-10","page","type-page","status-publish","hentry"],"yoast_head":"<!-- This site is optimized with the Yoast SEO plugin v27.4 - https:\/\/yoast.com\/product\/yoast-seo-wordpress\/ -->\n<title>Politique de confidentialit\u00e9 - PureDays FR<\/title>\n<meta name=\"robots\" content=\"noindex, follow\" \/>\n<meta property=\"og:locale\" content=\"en_GB\" \/>\n<meta property=\"og:type\" content=\"article\" \/>\n<meta property=\"og:title\" content=\"Politique de confidentialit\u00e9 - PureDays FR\" \/>\n<meta property=\"og:description\" content=\"Responsable du traitement La soci\u00e9t\u00e9 Panamex pacific (Singapore) Pte Ltd (The Concourse 300 Beach Road, #29-01 Singapore 199555 \u2013 customer.service@panamex.biz) Base juridique du traitement Nous collectons, stockons et utilisons vos donn\u00e9es : Finalit\u00e9s Le traitement des donn\u00e9es que nous effectuons est r\u00e9alis\u00e9e pour assurer le suivi et l\u2019ex\u00e9cution de la relation que nous avons avec [&hellip;]\" \/>\n<meta property=\"og:url\" content=\"https:\/\/www.puredayscomfort.com\/fr\/politique-de-confidentialite\/\" \/>\n<meta property=\"og:site_name\" content=\"PureDays FR\" \/>\n<meta property=\"article:modified_time\" content=\"2026-04-17T12:57:05+00:00\" \/>\n<meta name=\"twitter:card\" content=\"summary_large_image\" \/>\n<meta name=\"twitter:label1\" content=\"Estimated reading time\" \/>\n\t<meta name=\"twitter:data1\" content=\"4 minutes\" \/>\n<script type=\"application\/ld+json\" class=\"yoast-schema-graph\">{\"@context\":\"https:\\\/\\\/schema.org\",\"@graph\":[{\"@type\":\"WebPage\",\"@id\":\"https:\\\/\\\/www.puredayscomfort.com\\\/fr\\\/politique-de-confidentialite\\\/\",\"url\":\"https:\\\/\\\/www.puredayscomfort.com\\\/fr\\\/politique-de-confidentialite\\\/\",\"name\":\"Politique de confidentialit\u00e9 - PureDays FR\",\"isPartOf\":{\"@id\":\"https:\\\/\\\/www.puredayscomfort.com\\\/fr\\\/#website\"},\"datePublished\":\"2026-04-08T04:22:59+00:00\",\"dateModified\":\"2026-04-17T12:57:05+00:00\",\"breadcrumb\":{\"@id\":\"https:\\\/\\\/www.puredayscomfort.com\\\/fr\\\/politique-de-confidentialite\\\/#breadcrumb\"},\"inLanguage\":\"en-GB\",\"potentialAction\":[{\"@type\":\"ReadAction\",\"target\":[\"https:\\\/\\\/www.puredayscomfort.com\\\/fr\\\/politique-de-confidentialite\\\/\"]}]},{\"@type\":\"BreadcrumbList\",\"@id\":\"https:\\\/\\\/www.puredayscomfort.com\\\/fr\\\/politique-de-confidentialite\\\/#breadcrumb\",\"itemListElement\":[{\"@type\":\"ListItem\",\"position\":1,\"name\":\"Home\",\"item\":\"https:\\\/\\\/www.puredayscomfort.com\\\/fr\\\/\"},{\"@type\":\"ListItem\",\"position\":2,\"name\":\"Politique de confidentialit\u00e9\"}]},{\"@type\":\"WebSite\",\"@id\":\"https:\\\/\\\/www.puredayscomfort.com\\\/fr\\\/#website\",\"url\":\"https:\\\/\\\/www.puredayscomfort.com\\\/fr\\\/\",\"name\":\"PureDays FR\",\"description\":\"Protection &amp; Comfort\",\"potentialAction\":[{\"@type\":\"SearchAction\",\"target\":{\"@type\":\"EntryPoint\",\"urlTemplate\":\"https:\\\/\\\/www.puredayscomfort.com\\\/fr\\\/?s={search_term_string}\"},\"query-input\":{\"@type\":\"PropertyValueSpecification\",\"valueRequired\":true,\"valueName\":\"search_term_string\"}}],\"inLanguage\":\"en-GB\"}]}<\/script>\n<!-- \/ Yoast SEO plugin. -->","yoast_head_json":{"title":"Politique de confidentialit\u00e9 - PureDays FR","robots":{"index":"noindex","follow":"follow"},"og_locale":"en_GB","og_type":"article","og_title":"Politique de confidentialit\u00e9 - PureDays FR","og_description":"Responsable du traitement La soci\u00e9t\u00e9 Panamex pacific (Singapore) Pte Ltd (The Concourse 300 Beach Road, #29-01 Singapore 199555 \u2013 customer.service@panamex.biz) Base juridique du traitement Nous collectons, stockons et utilisons vos donn\u00e9es : Finalit\u00e9s Le traitement des donn\u00e9es que nous effectuons est r\u00e9alis\u00e9e pour assurer le suivi et l\u2019ex\u00e9cution de la relation que nous avons avec [&hellip;]","og_url":"https:\/\/www.puredayscomfort.com\/fr\/politique-de-confidentialite\/","og_site_name":"PureDays FR","article_modified_time":"2026-04-17T12:57:05+00:00","twitter_card":"summary_large_image","twitter_misc":{"Estimated reading time":"4 minutes"},"schema":{"@context":"https:\/\/schema.org","@graph":[{"@type":"WebPage","@id":"https:\/\/www.puredayscomfort.com\/fr\/politique-de-confidentialite\/","url":"https:\/\/www.puredayscomfort.com\/fr\/politique-de-confidentialite\/","name":"Politique de confidentialit\u00e9 - PureDays FR","isPartOf":{"@id":"https:\/\/www.puredayscomfort.com\/fr\/#website"},"datePublished":"2026-04-08T04:22:59+00:00","dateModified":"2026-04-17T12:57:05+00:00","breadcrumb":{"@id":"https:\/\/www.puredayscomfort.com\/fr\/politique-de-confidentialite\/#breadcrumb"},"inLanguage":"en-GB","potentialAction":[{"@type":"ReadAction","target":["https:\/\/www.puredayscomfort.com\/fr\/politique-de-confidentialite\/"]}]},{"@type":"BreadcrumbList","@id":"https:\/\/www.puredayscomfort.com\/fr\/politique-de-confidentialite\/#breadcrumb","itemListElement":[{"@type":"ListItem","position":1,"name":"Home","item":"https:\/\/www.puredayscomfort.com\/fr\/"},{"@type":"ListItem","position":2,"name":"Politique de confidentialit\u00e9"}]},{"@type":"WebSite","@id":"https:\/\/www.puredayscomfort.com\/fr\/#website","url":"https:\/\/www.puredayscomfort.com\/fr\/","name":"PureDays FR","description":"Protection &amp; Comfort","potentialAction":[{"@type":"SearchAction","target":{"@type":"EntryPoint","urlTemplate":"https:\/\/www.puredayscomfort.com\/fr\/?s={search_term_string}"},"query-input":{"@type":"PropertyValueSpecification","valueRequired":true,"valueName":"search_term_string"}}],"inLanguage":"en-GB"}]}},"_links":{"self":[{"href":"https:\/\/www.puredayscomfort.com\/fr\/wp-json\/wp\/v2\/pages\/10","targetHints":{"allow":["GET"]}}],"collection":[{"href":"https:\/\/www.puredayscomfort.com\/fr\/wp-json\/wp\/v2\/pages"}],"about":[{"href":"https:\/\/www.puredayscomfort.com\/fr\/wp-json\/wp\/v2\/types\/page"}],"author":[{"embeddable":true,"href":"https:\/\/www.puredayscomfort.com\/fr\/wp-json\/wp\/v2\/users\/1"}],"replies":[{"embeddable":true,"href":"https:\/\/www.puredayscomfort.com\/fr\/wp-json\/wp\/v2\/comments?post=10"}],"version-history":[{"count":2,"href":"https:\/\/www.puredayscomfort.com\/fr\/wp-json\/wp\/v2\/pages\/10\/revisions"}],"predecessor-version":[{"id":41,"href":"https:\/\/www.puredayscomfort.com\/fr\/wp-json\/wp\/v2\/pages\/10\/revisions\/41"}],"wp:attachment":[{"href":"https:\/\/www.puredayscomfort.com\/fr\/wp-json\/wp\/v2\/media?parent=10"}],"curies":[{"name":"wp","href":"https:\/\/api.w.org\/{rel}","templated":true}]}}